{"id":38,"date":"2018-09-27T12:47:08","date_gmt":"2018-09-27T10:47:08","guid":{"rendered":"http:\/\/finance-chikh-grandin.com\/?page_id=38"},"modified":"2021-05-05T09:04:05","modified_gmt":"2021-05-05T07:04:05","slug":"pascal-grandin","status":"publish","type":"page","link":"https:\/\/finance-chikh-grandin.com\/?page_id=38","title":{"rendered":"Pascal Grandin"},"content":{"rendered":"<p style=\"text-align: left;\"><img loading=\"lazy\" decoding=\"async\" class=\"alignright size-medium wp-image-139\" src=\"https:\/\/finance-chikh-grandin.com\/wp-content\/uploads\/2018\/10\/Pascal-Grandin-300x235.jpg\" alt=\"\" width=\"300\" height=\"235\" srcset=\"https:\/\/finance-chikh-grandin.com\/wp-content\/uploads\/2018\/10\/Pascal-Grandin-300x235.jpg 300w, https:\/\/finance-chikh-grandin.com\/wp-content\/uploads\/2018\/10\/Pascal-Grandin-768x601.jpg 768w, https:\/\/finance-chikh-grandin.com\/wp-content\/uploads\/2018\/10\/Pascal-Grandin-1024x801.jpg 1024w, https:\/\/finance-chikh-grandin.com\/wp-content\/uploads\/2018\/10\/Pascal-Grandin-150x117.jpg 150w, https:\/\/finance-chikh-grandin.com\/wp-content\/uploads\/2018\/10\/Pascal-Grandin.jpg 1702w\" sizes=\"auto, (max-width: 300px) 100vw, 300px\" \/>Professeur de finance et directeur de l\u2019IAE Lille University School of Management, il intervient r\u00e9guli\u00e8rement dans plusieurs universit\u00e9s \u00e9trang\u00e8res et exerce aussi une activit\u00e9 de conseil et de formation continue.<\/p>\n<p>\u00a0<\/p>\n<p><span style=\"color: #333333;\"><strong><em>Recherche et sp\u00e9cialisation<\/em><\/strong><\/span><\/p>\n<p>Sp\u00e9cialis\u00e9 en gestion de portefeuille et en finance comportementale, outre des articles scientifiques, il a publi\u00e9 de nombreux ouvrages dont \u00ab Finance comportementale \u00bb, 2016, Economica (en collaboration avec Sabrina Chikh), \u00ab March\u00e9s Financiers et Gestion de Portefeuille \u00bb, 2013, 2\u00e8me \u00e9d., Pearson (en collaboration avec Pascal Alphonse, G\u00e9rard Desmuliers et Michel Levasseur), \u00ab Performance de Portefeuille \u00bb, 2\u00e8me \u00e9d., 2010 (en collaboration avec Laurent Bobson, Georges H\u00fcbner et Marie Lambert), Pearson et \u00ab La Finance Durable \u00bb, 2011, Revue Banque \u00e9d.(en collaboration avec Dhafer Sa\u00efdane). Il est membre du Lille University ManagemENt lab (LUMEN). Ses recherches actuelles portent sur l\u2019impact des biais cognitifs dans la prise de d\u00e9cisions financi\u00e8res.<\/p>\n<p><span style=\"color: #333333;\"><strong><em>Exp\u00e9rience pass\u00e9e<\/em><\/strong><\/span><\/p>\n<p>Apr\u00e8s avoir \u00e9t\u00e9 ma\u00eetre de conf\u00e9rences puis professeur \u00e0 l\u2019universit\u00e9 de Lille 1 de 1994 \u00e0 1999, Pascal Grandin a ensuite \u00e9t\u00e9 en poste \u00e0 l\u2019Universit\u00e9 de Paris 12 Cr\u00e9teil Val de Marne jusqu\u2019en 2005 et ensuite \u00e0 l\u2019Universit\u00e9 Lille 2. Il a dirig\u00e9 plusieurs formations dans ces diff\u00e9rentes universit\u00e9s, puis a \u00e9t\u00e9 directeur de la Facult\u00e9 de Finance, Banque, Comptabilit\u00e9 de 2009 \u00e0 2012. Professeur \u00e0 l\u2019ESC Lille puis SKEMA Business School de 1995 \u00e0 2017, il a occup\u00e9 de nombreuses fonctions et a \u00e9t\u00e9 directeur g\u00e9n\u00e9ral adjoint de l\u2019\u00e9cole en charge de la facult\u00e9 et de la recherche de 2009 \u00e0 2012 et directeur de la recherche de 2012 \u00e0 2016. Il est professeur invit\u00e9 dans diff\u00e9rentes universit\u00e9s \u00e0 l\u2019\u00e9tranger. Enfin il a \u00e9t\u00e9 consultant en finance de 1992 \u00e0 2012.<\/p>\n<p><span style=\"color: #333333;\"><strong><em>Formation<\/em><\/strong><\/span><\/p>\n<p>Pascal Grandin a obtenu son doctorat \u00e0 l\u2019Universit\u00e9 Paris-Dauphine en 1992 et a \u00e9t\u00e9 agr\u00e9g\u00e9 en Sciences de Gestion de l\u2019Universit\u00e9 en 1997.<\/p>\n\n\n<p><\/p>\n","protected":false},"excerpt":{"rendered":"<p>Professeur de finance et directeur de l\u2019IAE Lille University School of Management, il intervient r\u00e9guli\u00e8rement dans plusieurs universit\u00e9s \u00e9trang\u00e8res et exerce aussi une activit\u00e9 de conseil et de formation continue. \u00a0 Recherche et sp\u00e9cialisation Sp\u00e9cialis\u00e9 en gestion de portefeuille et en finance comportementale, outre des articles scientifiques, il a publi\u00e9 de nombreux ouvrages dont \u00ab&#8230;<\/p>\n","protected":false},"author":2,"featured_media":0,"parent":0,"menu_order":0,"comment_status":"closed","ping_status":"closed","template":"","meta":{"footnotes":""},"class_list":["post-38","page","type-page","status-publish","hentry"],"_links":{"self":[{"href":"https:\/\/finance-chikh-grandin.com\/index.php?rest_route=\/wp\/v2\/pages\/38","targetHints":{"allow":["GET"]}}],"collection":[{"href":"https:\/\/finance-chikh-grandin.com\/index.php?rest_route=\/wp\/v2\/pages"}],"about":[{"href":"https:\/\/finance-chikh-grandin.com\/index.php?rest_route=\/wp\/v2\/types\/page"}],"author":[{"embeddable":true,"href":"https:\/\/finance-chikh-grandin.com\/index.php?rest_route=\/wp\/v2\/users\/2"}],"replies":[{"embeddable":true,"href":"https:\/\/finance-chikh-grandin.com\/index.php?rest_route=%2Fwp%2Fv2%2Fcomments&post=38"}],"version-history":[{"count":10,"href":"https:\/\/finance-chikh-grandin.com\/index.php?rest_route=\/wp\/v2\/pages\/38\/revisions"}],"predecessor-version":[{"id":249,"href":"https:\/\/finance-chikh-grandin.com\/index.php?rest_route=\/wp\/v2\/pages\/38\/revisions\/249"}],"wp:attachment":[{"href":"https:\/\/finance-chikh-grandin.com\/index.php?rest_route=%2Fwp%2Fv2%2Fmedia&parent=38"}],"curies":[{"name":"wp","href":"https:\/\/api.w.org\/{rel}","templated":true}]}}